{"id":218,"date":"2024-09-27T13:23:58","date_gmt":"2024-09-27T13:23:58","guid":{"rendered":"https:\/\/playdino.co\/?page_id=218"},"modified":"2024-11-05T11:52:23","modified_gmt":"2024-11-05T11:52:23","slug":"tips-tricks-strategies-to-win-in-dino","status":"publish","type":"page","link":"https:\/\/playdino.co\/es\/tips-tricks-strategies-to-win-in-dino\/","title":{"rendered":"Tips &amp; Tricks &#8211; Strategies to win in Dino"},"content":{"rendered":"<div data-elementor-type=\"wp-page\" data-elementor-id=\"218\" class=\"elementor elementor-218\" data-elementor-post-type=\"page\">\n\t\t\t\t\t\t<section class=\"elementor-section elementor-top-section elementor-element elementor-element-33148220 elementor-section-height-min-height elementor-section-full_width elementor-section-height-default elementor-section-items-middle\" data-id=\"33148220\" data-element_type=\"section\" data-settings=\"{&quot;background_background&quot;:&quot;classic&quot;}\">\n\t\t\t\t\t\t\t<div class=\"elementor-background-overlay\"><\/div>\n\t\t\t\t\t\t\t<div class=\"elementor-container elementor-column-gap-no\">\n\t\t\t\t\t<div class=\"elementor-column elementor-col-100 elementor-top-column elementor-element elementor-element-5e7a29cb\" data-id=\"5e7a29cb\" data-element_type=\"column\" data-settings=\"{&quot;background_background&quot;:&quot;classic&quot;}\">\n\t\t\t<div class=\"elementor-widget-wrap elementor-element-populated\">\n\t\t\t\t\t\t<div class=\"elementor-element elementor-element-56df5d93 elementor-widget__width-initial elementor-widget-mobile__width-inherit elementor-widget elementor-widget-heading\" data-id=\"56df5d93\" data-element_type=\"widget\" data-widget_type=\"heading.default\">\n\t\t\t\t<div class=\"elementor-widget-container\">\n\t\t\t\t\t<h1 class=\"elementor-heading-title elementor-size-default\">Consejos y trucos: estrategias para ganar en Dino<\/h1>\t\t\t\t<\/div>\n\t\t\t\t<\/div>\n\t\t\t\t<div class=\"elementor-element elementor-element-a6af6dd elementor-widget__width-initial elementor-widget-mobile__width-inherit elementor-widget elementor-widget-text-editor\" data-id=\"a6af6dd\" data-element_type=\"widget\" data-widget_type=\"text-editor.default\">\n\t\t\t\t<div class=\"elementor-widget-container\">\n\t\t\t\t\t\t\t\t\t<p class=\" translation-block\"><span style=\"font-weight: 400\">Existen algunas estrategias que los jugadores experimentados utilizan para mejorar sus posibilidades de ganar cuando juegan a Dino. Sin embargo, ten en cuenta que ninguna de estas estrategias garantiza una victoria, as\u00ed que siempre <a href=\"https:\/\/playdino.co\/\" target=\"_self\">juega a Play Dino<\/a> bajo tu propio riesgo. Estas son algunas de las estrategias m\u00e1s populares que utilizan los jugadores:<\/span><\/p>\t\t\t\t\t\t\t\t<\/div>\n\t\t\t\t<\/div>\n\t\t\t\t\t<\/div>\n\t\t<\/div>\n\t\t\t\t\t<\/div>\n\t\t<\/section>\n\t\t\t\t<section class=\"elementor-section elementor-top-section elementor-element elementor-element-4fc80f57 elementor-section-boxed elementor-section-height-default elementor-section-height-default\" data-id=\"4fc80f57\" data-element_type=\"section\" data-settings=\"{&quot;background_background&quot;:&quot;classic&quot;}\">\n\t\t\t\t\t\t\t<div class=\"elementor-background-overlay\"><\/div>\n\t\t\t\t\t\t\t<div class=\"elementor-container elementor-column-gap-no\">\n\t\t\t\t\t<div class=\"elementor-column elementor-col-50 elementor-top-column elementor-element elementor-element-63217035\" data-id=\"63217035\" data-element_type=\"column\">\n\t\t\t<div class=\"elementor-widget-wrap elementor-element-populated\">\n\t\t\t\t\t\t<div class=\"elementor-element elementor-element-2ab3abe7 elementor-invisible elementor-widget elementor-widget-image\" data-id=\"2ab3abe7\" data-element_type=\"widget\" data-settings=\"{&quot;_animation&quot;:&quot;fadeInUp&quot;,&quot;_animation_delay&quot;:100}\" data-widget_type=\"image.default\">\n\t\t\t\t<div class=\"elementor-widget-container\">\n\t\t\t\t\t\t\t\t\t\t\t\t\t\t\t<img fetchpriority=\"high\" decoding=\"async\" width=\"1893\" height=\"808\" src=\"https:\/\/playdino.co\/wp-content\/uploads\/2024\/09\/dino-dd.png\" class=\"attachment-full size-full wp-image-238\" alt=\"\" srcset=\"https:\/\/playdino.co\/wp-content\/uploads\/2024\/09\/dino-dd.png 1893w, https:\/\/playdino.co\/wp-content\/uploads\/2024\/09\/dino-dd-300x128.png 300w, https:\/\/playdino.co\/wp-content\/uploads\/2024\/09\/dino-dd-1024x437.png 1024w, https:\/\/playdino.co\/wp-content\/uploads\/2024\/09\/dino-dd-768x328.png 768w, https:\/\/playdino.co\/wp-content\/uploads\/2024\/09\/dino-dd-1536x656.png 1536w\" sizes=\"(max-width: 1893px) 100vw, 1893px\" \/>\t\t\t\t\t\t\t\t\t\t\t\t\t\t\t<\/div>\n\t\t\t\t<\/div>\n\t\t\t\t\t<\/div>\n\t\t<\/div>\n\t\t\t\t<div class=\"elementor-column elementor-col-50 elementor-top-column elementor-element elementor-element-7118b495\" data-id=\"7118b495\" data-element_type=\"column\">\n\t\t\t<div class=\"elementor-widget-wrap elementor-element-populated\">\n\t\t\t\t\t\t<div class=\"elementor-element elementor-element-72b79f9a elementor-widget elementor-widget-heading\" data-id=\"72b79f9a\" data-element_type=\"widget\" data-widget_type=\"heading.default\">\n\t\t\t\t<div class=\"elementor-widget-container\">\n\t\t\t\t\t<h2 class=\"elementor-heading-title elementor-size-default\">Saltarse las apuestas despu\u00e9s de una gran victoria<\/h2>\t\t\t\t<\/div>\n\t\t\t\t<\/div>\n\t\t\t\t<div class=\"elementor-element elementor-element-596641ac elementor-widget elementor-widget-text-editor\" data-id=\"596641ac\" data-element_type=\"widget\" data-widget_type=\"text-editor.default\">\n\t\t\t\t<div class=\"elementor-widget-container\">\n\t\t\t\t\t\t\t\t\t<p><span style=\"font-weight: 400;\">Dado que los juegos como Dino funcionan con un sistema de RTP, algunos jugadores optan por saltarse algunas rondas despu\u00e9s de una gran victoria, como cuando el multiplicador alcanza 100x o m\u00e1s. La idea es que despu\u00e9s de un gran pago, el juego puede intentar equilibrar el RTP colapsando al principio de las siguientes rondas. Para evitar perder, puedes saltarte las primeras 1 o 2 rondas de Dino despu\u00e9s de una gran victoria.<\/span><\/p>\t\t\t\t\t\t\t\t<\/div>\n\t\t\t\t<\/div>\n\t\t<div class=\"elementor-element elementor-element-f68f41c e-flex e-con-boxed e-con e-parent\" data-id=\"f68f41c\" data-element_type=\"container\">\n\t\t\t\t\t<div class=\"e-con-inner\">\n\t\t<div class=\"elementor-element elementor-element-bafaae8 e-con-full e-flex e-con e-child\" data-id=\"bafaae8\" data-element_type=\"container\">\n\t\t<div class=\"elementor-element elementor-element-5254a1c e-con-full e-flex e-con e-child\" data-id=\"5254a1c\" data-element_type=\"container\">\n\t\t\t\t<div class=\"elementor-element elementor-element-3b386ba elementor-align-left elementor-widget elementor-widget-button\" data-id=\"3b386ba\" data-element_type=\"widget\" data-widget_type=\"button.default\">\n\t\t\t\t<div class=\"elementor-widget-container\">\n\t\t\t\t\t\t\t\t\t<div class=\"elementor-button-wrapper\">\n\t\t\t\t\t<a class=\"elementor-button elementor-button-link elementor-size-sm\" href=\"https:\/\/playdino.co\/es\/go\/mystake\/\">\n\t\t\t\t\t\t<span class=\"elementor-button-content-wrapper\">\n\t\t\t\t\t\t\t\t\t<span class=\"elementor-button-text\">MyStake<\/span>\n\t\t\t\t\t<\/span>\n\t\t\t\t\t<\/a>\n\t\t\t\t<\/div>\n\t\t\t\t\t\t\t\t<\/div>\n\t\t\t\t<\/div>\n\t\t\t\t<div class=\"elementor-element elementor-element-ef32dd0 elementor-align-left elementor-widget elementor-widget-button\" data-id=\"ef32dd0\" data-element_type=\"widget\" data-widget_type=\"button.default\">\n\t\t\t\t<div class=\"elementor-widget-container\">\n\t\t\t\t\t\t\t\t\t<div class=\"elementor-button-wrapper\">\n\t\t\t\t\t<a class=\"elementor-button elementor-button-link elementor-size-sm\" href=\"https:\/\/playdino.co\/es\/go\/betfast\/\">\n\t\t\t\t\t\t<span class=\"elementor-button-content-wrapper\">\n\t\t\t\t\t\t\t\t\t<span class=\"elementor-button-text\">Betfast<\/span>\n\t\t\t\t\t<\/span>\n\t\t\t\t\t<\/a>\n\t\t\t\t<\/div>\n\t\t\t\t\t\t\t\t<\/div>\n\t\t\t\t<\/div>\n\t\t\t\t<\/div>\n\t\t\t\t<\/div>\n\t\t\t\t\t<\/div>\n\t\t\t\t<\/div>\n\t\t\t\t\t<\/div>\n\t\t<\/div>\n\t\t\t\t\t<\/div>\n\t\t<\/section>\n\t\t\t\t<section class=\"elementor-section elementor-top-section elementor-element elementor-element-5dca1758 elementor-section-boxed elementor-section-height-default elementor-section-height-default\" data-id=\"5dca1758\" data-element_type=\"section\" data-settings=\"{&quot;background_background&quot;:&quot;classic&quot;}\">\n\t\t\t\t\t\t<div class=\"elementor-container elementor-column-gap-no\">\n\t\t\t\t\t<div class=\"elementor-column elementor-col-50 elementor-top-column elementor-element elementor-element-7ba6716a\" data-id=\"7ba6716a\" data-element_type=\"column\">\n\t\t\t<div class=\"elementor-widget-wrap elementor-element-populated\">\n\t\t\t\t\t\t<div class=\"elementor-element elementor-element-563cbdf5 elementor-widget elementor-widget-heading\" data-id=\"563cbdf5\" data-element_type=\"widget\" data-widget_type=\"heading.default\">\n\t\t\t\t<div class=\"elementor-widget-container\">\n\t\t\t\t\t<h2 class=\"elementor-heading-title elementor-size-default\">La estrategia Martingala: duplica tu apuesta<\/h2>\t\t\t\t<\/div>\n\t\t\t\t<\/div>\n\t\t\t\t<div class=\"elementor-element elementor-element-546fff1c elementor-widget elementor-widget-text-editor\" data-id=\"546fff1c\" data-element_type=\"widget\" data-widget_type=\"text-editor.default\">\n\t\t\t\t<div class=\"elementor-widget-container\">\n\t\t\t\t\t\t\t\t\t<p class=\" translation-block\"><span style=\"font-weight: 400\">La estrategia Martingala es un m\u00e9todo de apuestas muy conocido que funciona cuando juegas a <strong><a href=\"https:\/\/playdino.co\/\" target=\"_self\">Play Dino<\/a><\/strong>. La idea es duplicar tu apuesta despu\u00e9s de cada p\u00e9rdida y restablecer tu apuesta inicial despu\u00e9s de una victoria. Por ejemplo, comienza con 1 EUR y establece el multiplicador por encima de 2,01x. Si pierdes, duplica tu pr\u00f3xima apuesta a 2 EUR, luego a 4 EUR, y as\u00ed sucesivamente (8, 16, 32, etc.). Cuando ganes, tu pago ser\u00e1 mayor que todas las p\u00e9rdidas anteriores combinadas. Despu\u00e9s de una victoria, regresas a tu apuesta original. Solo ten cuidado: si te quedas sin dinero antes de ganar, no puedes continuar, y hay un l\u00edmite de apuestas de 1000 EUR, lo que significa que solo puedes duplicar una cantidad limitada de veces. A\u00fan as\u00ed, las probabilidades de ganar en 32 rondas son altas.<\/span><\/p>\t\t\t\t\t\t\t\t<\/div>\n\t\t\t\t<\/div>\n\t\t<div class=\"elementor-element elementor-element-c48ae65 e-flex e-con-boxed e-con e-parent\" data-id=\"c48ae65\" data-element_type=\"container\">\n\t\t\t\t\t<div class=\"e-con-inner\">\n\t\t<div class=\"elementor-element elementor-element-17c0a55 e-con-full e-flex e-con e-child\" data-id=\"17c0a55\" data-element_type=\"container\">\n\t\t<div class=\"elementor-element elementor-element-8a4caab e-con-full e-flex e-con e-child\" data-id=\"8a4caab\" data-element_type=\"container\">\n\t\t\t\t<div class=\"elementor-element elementor-element-bd46004 elementor-align-left elementor-widget elementor-widget-button\" data-id=\"bd46004\" data-element_type=\"widget\" data-widget_type=\"button.default\">\n\t\t\t\t<div class=\"elementor-widget-container\">\n\t\t\t\t\t\t\t\t\t<div class=\"elementor-button-wrapper\">\n\t\t\t\t\t<a class=\"elementor-button elementor-button-link elementor-size-sm\" href=\"https:\/\/playdino.co\/es\/go\/mystake\/\">\n\t\t\t\t\t\t<span class=\"elementor-button-content-wrapper\">\n\t\t\t\t\t\t\t\t\t<span class=\"elementor-button-text\">MyStake<\/span>\n\t\t\t\t\t<\/span>\n\t\t\t\t\t<\/a>\n\t\t\t\t<\/div>\n\t\t\t\t\t\t\t\t<\/div>\n\t\t\t\t<\/div>\n\t\t\t\t<div class=\"elementor-element elementor-element-0048666 elementor-align-left elementor-widget elementor-widget-button\" data-id=\"0048666\" data-element_type=\"widget\" data-widget_type=\"button.default\">\n\t\t\t\t<div class=\"elementor-widget-container\">\n\t\t\t\t\t\t\t\t\t<div class=\"elementor-button-wrapper\">\n\t\t\t\t\t<a class=\"elementor-button elementor-button-link elementor-size-sm\" href=\"https:\/\/playdino.co\/es\/go\/betfast\/\">\n\t\t\t\t\t\t<span class=\"elementor-button-content-wrapper\">\n\t\t\t\t\t\t\t\t\t<span class=\"elementor-button-text\">Betfast<\/span>\n\t\t\t\t\t<\/span>\n\t\t\t\t\t<\/a>\n\t\t\t\t<\/div>\n\t\t\t\t\t\t\t\t<\/div>\n\t\t\t\t<\/div>\n\t\t\t\t<\/div>\n\t\t\t\t<\/div>\n\t\t\t\t\t<\/div>\n\t\t\t\t<\/div>\n\t\t\t\t\t<\/div>\n\t\t<\/div>\n\t\t\t\t<div class=\"elementor-column elementor-col-50 elementor-top-column elementor-element elementor-element-2a23a9f1\" data-id=\"2a23a9f1\" data-element_type=\"column\">\n\t\t\t<div class=\"elementor-widget-wrap elementor-element-populated\">\n\t\t\t\t\t\t<div class=\"elementor-element elementor-element-b1b586a elementor-widget elementor-widget-image\" data-id=\"b1b586a\" data-element_type=\"widget\" data-widget_type=\"image.default\">\n\t\t\t\t<div class=\"elementor-widget-container\">\n\t\t\t\t\t\t\t\t\t\t\t\t\t\t\t<img decoding=\"async\" width=\"589\" height=\"530\" src=\"https:\/\/playdino.co\/wp-content\/uploads\/2024\/09\/dino-run-e1727438522730.png\" class=\"attachment-full size-full wp-image-157\" alt=\"\" srcset=\"https:\/\/playdino.co\/wp-content\/uploads\/2024\/09\/dino-run-e1727438522730.png 589w, https:\/\/playdino.co\/wp-content\/uploads\/2024\/09\/dino-run-e1727438522730-300x270.png 300w\" sizes=\"(max-width: 589px) 100vw, 589px\" \/>\t\t\t\t\t\t\t\t\t\t\t\t\t\t\t<\/div>\n\t\t\t\t<\/div>\n\t\t\t\t\t<\/div>\n\t\t<\/div>\n\t\t\t\t\t<\/div>\n\t\t<\/section>\n\t\t\t\t<section class=\"elementor-section elementor-top-section elementor-element elementor-element-70d95d2 elementor-section-boxed elementor-section-height-default elementor-section-height-default\" data-id=\"70d95d2\" data-element_type=\"section\" data-settings=\"{&quot;background_background&quot;:&quot;classic&quot;}\">\n\t\t\t\t\t\t<div class=\"elementor-container elementor-column-gap-no\">\n\t\t\t\t\t<div class=\"elementor-column elementor-col-50 elementor-top-column elementor-element elementor-element-447e1b77 elementor-hidden-tablet elementor-hidden-mobile\" data-id=\"447e1b77\" data-element_type=\"column\">\n\t\t\t<div class=\"elementor-widget-wrap elementor-element-populated\">\n\t\t\t\t\t\t<div class=\"elementor-element elementor-element-38de4877 elementor-widget elementor-widget-image\" data-id=\"38de4877\" data-element_type=\"widget\" data-widget_type=\"image.default\">\n\t\t\t\t<div class=\"elementor-widget-container\">\n\t\t\t\t\t\t\t\t\t\t\t\t\t\t\t<img decoding=\"async\" width=\"15\" height=\"11\" src=\"https:\/\/playdino.co\/wp-content\/uploads\/2024\/09\/dino-05.svg\" class=\"attachment-full size-full wp-image-140\" alt=\"\" \/>\t\t\t\t\t\t\t\t\t\t\t\t\t\t\t<\/div>\n\t\t\t\t<\/div>\n\t\t\t\t\t<\/div>\n\t\t<\/div>\n\t\t\t\t<div class=\"elementor-column elementor-col-50 elementor-top-column elementor-element elementor-element-313d1270\" data-id=\"313d1270\" data-element_type=\"column\">\n\t\t\t<div class=\"elementor-widget-wrap elementor-element-populated\">\n\t\t\t\t\t\t<div class=\"elementor-element elementor-element-fc02232 elementor-widget elementor-widget-heading\" data-id=\"fc02232\" data-element_type=\"widget\" data-widget_type=\"heading.default\">\n\t\t\t\t<div class=\"elementor-widget-container\">\n\t\t\t\t\t<h2 class=\"elementor-heading-title elementor-size-default\">Utilice la pantalla de estad\u00edsticas\n<\/h2>\t\t\t\t<\/div>\n\t\t\t\t<\/div>\n\t\t\t\t<div class=\"elementor-element elementor-element-255de9ab elementor-widget elementor-widget-text-editor\" data-id=\"255de9ab\" data-element_type=\"widget\" data-widget_type=\"text-editor.default\">\n\t\t\t\t<div class=\"elementor-widget-container\">\n\t\t\t\t\t\t\t\t\t<p class=\" translation-block\"><span style=\"font-weight: 400\">En el lado derecho de la pantalla de juego, encontrar\u00e1s una secci\u00f3n que muestra varias estad\u00edsticas. Esto puede ser \u00fatil para consultar tu historial de apuestas y ver c\u00f3mo les va a otros jugadores, lo que te dar\u00e1 una idea de lo que podr\u00eda suceder en las pr\u00f3ximas rondas cuando juegas con <a href=\"https:\/\/playdino.co\/\" target=\"_self\">Play Dino<\/a>.<\/span><\/p><p><span style=\"font-weight: 400;\">Una caracter\u00edstica \u00fatil es la pantalla de estad\u00edsticas de fallas, que muestra patrones en los multiplicadores. Con el tiempo, puedes comenzar a notar cu\u00e1ndo tienden a aparecer multiplicadores m\u00e1s peque\u00f1os, medianos o m\u00e1s grandes. Esta informaci\u00f3n puede darte una ventaja y potencialmente aumentar tus posibilidades de ganar.<\/span><\/p><p><span style=\"font-weight: 400;\">Sin embargo, se necesita algo de pr\u00e1ctica para hacerlo bien. Te sugerimos que pases unas horas jugando a Dino con apuestas bajas para dominarlo. Despu\u00e9s de un tiempo, es posible que notes que suele aparecer un multiplicador alto cada 4 o 5 horas. Algunos jugadores cronometran sus apuestas contando unos 120 minutos desde el \u00faltimo multiplicador alto y aumentan el tama\u00f1o de su apuesta cuando creen que est\u00e1 a punto de volver a suceder.<\/span><\/p><p><span style=\"font-weight: 400;\">Esta estrategia suele ser utilizada por jugadores experimentados, por lo que si te gusta analizar estad\u00edsticas y patrones, \u00a1definitivamente vale la pena intentarlo!<\/span><\/p><p><span style=\"font-weight: 400;\">Entonces, definitivamente puedes probar estas estrategias cuando juegues a Play Dino, pero recuerda siempre que la suerte es un factor importante, \u00a1as\u00ed que apuesta responsablemente!<\/span><\/p>\t\t\t\t\t\t\t\t<\/div>\n\t\t\t\t<\/div>\n\t\t\t\t\t<\/div>\n\t\t<\/div>\n\t\t\t\t\t<\/div>\n\t\t<\/section>\n\t\t\t\t<\/div>","protected":false},"excerpt":{"rendered":"<p>Tips &amp; Tricks &#8211; Strategies to win in Dino There are a few strategies that experienced players use to improve their chances of winning when playing Dino. However, keep in mind that none of these strategies guarantee a win, so always play Dino at your own risk. Here are some popular strategies players use: Skip [&hellip;]<\/p>","protected":false},"author":1,"featured_media":0,"parent":0,"menu_order":0,"comment_status":"closed","ping_status":"closed","template":"elementor_header_footer","meta":{"footnotes":""},"class_list":["post-218","page","type-page","status-publish","hentry"],"_links":{"self":[{"href":"https:\/\/playdino.co\/es\/wp-json\/wp\/v2\/pages\/218","targetHints":{"allow":["GET"]}}],"collection":[{"href":"https:\/\/playdino.co\/es\/wp-json\/wp\/v2\/pages"}],"about":[{"href":"https:\/\/playdino.co\/es\/wp-json\/wp\/v2\/types\/page"}],"author":[{"embeddable":true,"href":"https:\/\/playdino.co\/es\/wp-json\/wp\/v2\/users\/1"}],"replies":[{"embeddable":true,"href":"https:\/\/playdino.co\/es\/wp-json\/wp\/v2\/comments?post=218"}],"version-history":[{"count":31,"href":"https:\/\/playdino.co\/es\/wp-json\/wp\/v2\/pages\/218\/revisions"}],"predecessor-version":[{"id":394,"href":"https:\/\/playdino.co\/es\/wp-json\/wp\/v2\/pages\/218\/revisions\/394"}],"wp:attachment":[{"href":"https:\/\/playdino.co\/es\/wp-json\/wp\/v2\/media?parent=218"}],"curies":[{"name":"wp","href":"https:\/\/api.w.org\/{rel}","templated":true}]}}