{"id":218,"date":"2024-09-27T13:23:58","date_gmt":"2024-09-27T13:23:58","guid":{"rendered":"https:\/\/playdino.co\/?page_id=218"},"modified":"2024-11-05T11:52:23","modified_gmt":"2024-11-05T11:52:23","slug":"tips-tricks-strategies-to-win-in-dino","status":"publish","type":"page","link":"https:\/\/playdino.co\/pt\/tips-tricks-strategies-to-win-in-dino\/","title":{"rendered":"Tips &amp; Tricks &#8211; Strategies to win in Dino"},"content":{"rendered":"<div data-elementor-type=\"wp-page\" data-elementor-id=\"218\" class=\"elementor elementor-218\" data-elementor-post-type=\"page\">\n\t\t\t\t\t\t<section class=\"elementor-section elementor-top-section elementor-element elementor-element-33148220 elementor-section-height-min-height elementor-section-full_width elementor-section-height-default elementor-section-items-middle\" data-id=\"33148220\" data-element_type=\"section\" data-settings=\"{&quot;background_background&quot;:&quot;classic&quot;}\">\n\t\t\t\t\t\t\t<div class=\"elementor-background-overlay\"><\/div>\n\t\t\t\t\t\t\t<div class=\"elementor-container elementor-column-gap-no\">\n\t\t\t\t\t<div class=\"elementor-column elementor-col-100 elementor-top-column elementor-element elementor-element-5e7a29cb\" data-id=\"5e7a29cb\" data-element_type=\"column\" data-settings=\"{&quot;background_background&quot;:&quot;classic&quot;}\">\n\t\t\t<div class=\"elementor-widget-wrap elementor-element-populated\">\n\t\t\t\t\t\t<div class=\"elementor-element elementor-element-56df5d93 elementor-widget__width-initial elementor-widget-mobile__width-inherit elementor-widget elementor-widget-heading\" data-id=\"56df5d93\" data-element_type=\"widget\" data-widget_type=\"heading.default\">\n\t\t\t\t<div class=\"elementor-widget-container\">\n\t\t\t\t\t<h1 class=\"elementor-heading-title elementor-size-default\">Dicas e Truques - Estrat\u00e9gias para vencer no Dino<\/h1>\t\t\t\t<\/div>\n\t\t\t\t<\/div>\n\t\t\t\t<div class=\"elementor-element elementor-element-a6af6dd elementor-widget__width-initial elementor-widget-mobile__width-inherit elementor-widget elementor-widget-text-editor\" data-id=\"a6af6dd\" data-element_type=\"widget\" data-widget_type=\"text-editor.default\">\n\t\t\t\t<div class=\"elementor-widget-container\">\n\t\t\t\t\t\t\t\t\t<p class=\" translation-block\"><span style=\"font-weight: 400\">Existem algumas estrat\u00e9gias que jogadores experientes usam para melhorar suas chances de ganhar ao jogar Dino. No entanto, tenha em mente que nenhuma dessas estrat\u00e9gias garante uma vit\u00f3ria, ent\u00e3o sempre jogue <a href=\"https:\/\/playdino.co\/\" target=\"_self\">Play Dino<\/a> por sua conta e risco. Aqui est\u00e3o algumas estrat\u00e9gias populares que os jogadores usam:<\/span><\/p>\t\t\t\t\t\t\t\t<\/div>\n\t\t\t\t<\/div>\n\t\t\t\t\t<\/div>\n\t\t<\/div>\n\t\t\t\t\t<\/div>\n\t\t<\/section>\n\t\t\t\t<section class=\"elementor-section elementor-top-section elementor-element elementor-element-4fc80f57 elementor-section-boxed elementor-section-height-default elementor-section-height-default\" data-id=\"4fc80f57\" data-element_type=\"section\" data-settings=\"{&quot;background_background&quot;:&quot;classic&quot;}\">\n\t\t\t\t\t\t\t<div class=\"elementor-background-overlay\"><\/div>\n\t\t\t\t\t\t\t<div class=\"elementor-container elementor-column-gap-no\">\n\t\t\t\t\t<div class=\"elementor-column elementor-col-50 elementor-top-column elementor-element elementor-element-63217035\" data-id=\"63217035\" data-element_type=\"column\">\n\t\t\t<div class=\"elementor-widget-wrap elementor-element-populated\">\n\t\t\t\t\t\t<div class=\"elementor-element elementor-element-2ab3abe7 elementor-invisible elementor-widget elementor-widget-image\" data-id=\"2ab3abe7\" data-element_type=\"widget\" data-settings=\"{&quot;_animation&quot;:&quot;fadeInUp&quot;,&quot;_animation_delay&quot;:100}\" data-widget_type=\"image.default\">\n\t\t\t\t<div class=\"elementor-widget-container\">\n\t\t\t\t\t\t\t\t\t\t\t\t\t\t\t<img fetchpriority=\"high\" decoding=\"async\" width=\"1893\" height=\"808\" src=\"https:\/\/playdino.co\/wp-content\/uploads\/2024\/09\/dino-dd.png\" class=\"attachment-full size-full wp-image-238\" alt=\"\" srcset=\"https:\/\/playdino.co\/wp-content\/uploads\/2024\/09\/dino-dd.png 1893w, https:\/\/playdino.co\/wp-content\/uploads\/2024\/09\/dino-dd-300x128.png 300w, https:\/\/playdino.co\/wp-content\/uploads\/2024\/09\/dino-dd-1024x437.png 1024w, https:\/\/playdino.co\/wp-content\/uploads\/2024\/09\/dino-dd-768x328.png 768w, https:\/\/playdino.co\/wp-content\/uploads\/2024\/09\/dino-dd-1536x656.png 1536w\" sizes=\"(max-width: 1893px) 100vw, 1893px\" \/>\t\t\t\t\t\t\t\t\t\t\t\t\t\t\t<\/div>\n\t\t\t\t<\/div>\n\t\t\t\t\t<\/div>\n\t\t<\/div>\n\t\t\t\t<div class=\"elementor-column elementor-col-50 elementor-top-column elementor-element elementor-element-7118b495\" data-id=\"7118b495\" data-element_type=\"column\">\n\t\t\t<div class=\"elementor-widget-wrap elementor-element-populated\">\n\t\t\t\t\t\t<div class=\"elementor-element elementor-element-72b79f9a elementor-widget elementor-widget-heading\" data-id=\"72b79f9a\" data-element_type=\"widget\" data-widget_type=\"heading.default\">\n\t\t\t\t<div class=\"elementor-widget-container\">\n\t\t\t\t\t<h2 class=\"elementor-heading-title elementor-size-default\">Pular apostas ap\u00f3s uma grande vit\u00f3ria<\/h2>\t\t\t\t<\/div>\n\t\t\t\t<\/div>\n\t\t\t\t<div class=\"elementor-element elementor-element-596641ac elementor-widget elementor-widget-text-editor\" data-id=\"596641ac\" data-element_type=\"widget\" data-widget_type=\"text-editor.default\">\n\t\t\t\t<div class=\"elementor-widget-container\">\n\t\t\t\t\t\t\t\t\t<p><span style=\"font-weight: 400;\">Como jogos como Dino rodam em um sistema RTP, alguns jogadores escolhem pular algumas rodadas ap\u00f3s uma grande vit\u00f3ria, como quando o multiplicador atinge 100x ou mais. A ideia \u00e9 que, ap\u00f3s um grande pagamento, o jogo pode tentar equilibrar o RTP travando no in\u00edcio das pr\u00f3ximas rodadas. Para evitar perder, voc\u00ea pode pular as primeiras 1-2 corridas de Dino ap\u00f3s uma grande vit\u00f3ria.<\/span><\/p>\t\t\t\t\t\t\t\t<\/div>\n\t\t\t\t<\/div>\n\t\t<div class=\"elementor-element elementor-element-f68f41c e-flex e-con-boxed e-con e-parent\" data-id=\"f68f41c\" data-element_type=\"container\">\n\t\t\t\t\t<div class=\"e-con-inner\">\n\t\t<div class=\"elementor-element elementor-element-bafaae8 e-con-full e-flex e-con e-child\" data-id=\"bafaae8\" data-element_type=\"container\">\n\t\t<div class=\"elementor-element elementor-element-5254a1c e-con-full e-flex e-con e-child\" data-id=\"5254a1c\" data-element_type=\"container\">\n\t\t\t\t<div class=\"elementor-element elementor-element-3b386ba elementor-align-left elementor-widget elementor-widget-button\" data-id=\"3b386ba\" data-element_type=\"widget\" data-widget_type=\"button.default\">\n\t\t\t\t<div class=\"elementor-widget-container\">\n\t\t\t\t\t\t\t\t\t<div class=\"elementor-button-wrapper\">\n\t\t\t\t\t<a class=\"elementor-button elementor-button-link elementor-size-sm\" href=\"https:\/\/playdino.co\/pt\/go\/mystake\/\">\n\t\t\t\t\t\t<span class=\"elementor-button-content-wrapper\">\n\t\t\t\t\t\t\t\t\t<span class=\"elementor-button-text\">MyStake<\/span>\n\t\t\t\t\t<\/span>\n\t\t\t\t\t<\/a>\n\t\t\t\t<\/div>\n\t\t\t\t\t\t\t\t<\/div>\n\t\t\t\t<\/div>\n\t\t\t\t<div class=\"elementor-element elementor-element-ef32dd0 elementor-align-left elementor-widget elementor-widget-button\" data-id=\"ef32dd0\" data-element_type=\"widget\" data-widget_type=\"button.default\">\n\t\t\t\t<div class=\"elementor-widget-container\">\n\t\t\t\t\t\t\t\t\t<div class=\"elementor-button-wrapper\">\n\t\t\t\t\t<a class=\"elementor-button elementor-button-link elementor-size-sm\" href=\"https:\/\/playdino.co\/pt\/go\/betfast\/\">\n\t\t\t\t\t\t<span class=\"elementor-button-content-wrapper\">\n\t\t\t\t\t\t\t\t\t<span class=\"elementor-button-text\">Betfast<\/span>\n\t\t\t\t\t<\/span>\n\t\t\t\t\t<\/a>\n\t\t\t\t<\/div>\n\t\t\t\t\t\t\t\t<\/div>\n\t\t\t\t<\/div>\n\t\t\t\t<\/div>\n\t\t\t\t<\/div>\n\t\t\t\t\t<\/div>\n\t\t\t\t<\/div>\n\t\t\t\t\t<\/div>\n\t\t<\/div>\n\t\t\t\t\t<\/div>\n\t\t<\/section>\n\t\t\t\t<section class=\"elementor-section elementor-top-section elementor-element elementor-element-5dca1758 elementor-section-boxed elementor-section-height-default elementor-section-height-default\" data-id=\"5dca1758\" data-element_type=\"section\" data-settings=\"{&quot;background_background&quot;:&quot;classic&quot;}\">\n\t\t\t\t\t\t<div class=\"elementor-container elementor-column-gap-no\">\n\t\t\t\t\t<div class=\"elementor-column elementor-col-50 elementor-top-column elementor-element elementor-element-7ba6716a\" data-id=\"7ba6716a\" data-element_type=\"column\">\n\t\t\t<div class=\"elementor-widget-wrap elementor-element-populated\">\n\t\t\t\t\t\t<div class=\"elementor-element elementor-element-563cbdf5 elementor-widget elementor-widget-heading\" data-id=\"563cbdf5\" data-element_type=\"widget\" data-widget_type=\"heading.default\">\n\t\t\t\t<div class=\"elementor-widget-container\">\n\t\t\t\t\t<h2 class=\"elementor-heading-title elementor-size-default\">A estrat\u00e9gia Martingale \u2013 Duplique sua aposta<\/h2>\t\t\t\t<\/div>\n\t\t\t\t<\/div>\n\t\t\t\t<div class=\"elementor-element elementor-element-546fff1c elementor-widget elementor-widget-text-editor\" data-id=\"546fff1c\" data-element_type=\"widget\" data-widget_type=\"text-editor.default\">\n\t\t\t\t<div class=\"elementor-widget-container\">\n\t\t\t\t\t\t\t\t\t<p class=\" translation-block\"><span style=\"font-weight: 400\">A estrat\u00e9gia Martingale \u00e9 um m\u00e9todo de aposta bem conhecido que funciona quando voc\u00ea joga <strong><a href=\"https:\/\/playdino.co\/\" target=\"_self\">Play Dino<\/a><\/strong>. A ideia \u00e9 dobrar sua aposta ap\u00f3s cada perda e redefinir sua aposta inicial ap\u00f3s uma vit\u00f3ria. Por exemplo, comece com 1 EUR e defina o multiplicador acima de 2,01x. Se voc\u00ea perder, dobre sua pr\u00f3xima aposta para 2 EUR, depois 4 EUR e assim por diante (8, 16, 32, etc.). Quando voc\u00ea ganhar, seu pagamento ser\u00e1 maior do que todas as perdas anteriores combinadas. Ap\u00f3s uma vit\u00f3ria, voc\u00ea retorna \u00e0 sua aposta original. Apenas seja cauteloso \u2014 se voc\u00ea ficar sem dinheiro antes de ganhar, n\u00e3o poder\u00e1 continuar, e h\u00e1 um limite de aposta de 1000 EUR, o que significa que voc\u00ea s\u00f3 pode dobrar um n\u00famero limitado de vezes. Ainda assim, as chances de ganhar em 32 rodadas s\u00e3o altas.<\/span><\/p>\t\t\t\t\t\t\t\t<\/div>\n\t\t\t\t<\/div>\n\t\t<div class=\"elementor-element elementor-element-c48ae65 e-flex e-con-boxed e-con e-parent\" data-id=\"c48ae65\" data-element_type=\"container\">\n\t\t\t\t\t<div class=\"e-con-inner\">\n\t\t<div class=\"elementor-element elementor-element-17c0a55 e-con-full e-flex e-con e-child\" data-id=\"17c0a55\" data-element_type=\"container\">\n\t\t<div class=\"elementor-element elementor-element-8a4caab e-con-full e-flex e-con e-child\" data-id=\"8a4caab\" data-element_type=\"container\">\n\t\t\t\t<div class=\"elementor-element elementor-element-bd46004 elementor-align-left elementor-widget elementor-widget-button\" data-id=\"bd46004\" data-element_type=\"widget\" data-widget_type=\"button.default\">\n\t\t\t\t<div class=\"elementor-widget-container\">\n\t\t\t\t\t\t\t\t\t<div class=\"elementor-button-wrapper\">\n\t\t\t\t\t<a class=\"elementor-button elementor-button-link elementor-size-sm\" href=\"https:\/\/playdino.co\/pt\/go\/mystake\/\">\n\t\t\t\t\t\t<span class=\"elementor-button-content-wrapper\">\n\t\t\t\t\t\t\t\t\t<span class=\"elementor-button-text\">MyStake<\/span>\n\t\t\t\t\t<\/span>\n\t\t\t\t\t<\/a>\n\t\t\t\t<\/div>\n\t\t\t\t\t\t\t\t<\/div>\n\t\t\t\t<\/div>\n\t\t\t\t<div class=\"elementor-element elementor-element-0048666 elementor-align-left elementor-widget elementor-widget-button\" data-id=\"0048666\" data-element_type=\"widget\" data-widget_type=\"button.default\">\n\t\t\t\t<div class=\"elementor-widget-container\">\n\t\t\t\t\t\t\t\t\t<div class=\"elementor-button-wrapper\">\n\t\t\t\t\t<a class=\"elementor-button elementor-button-link elementor-size-sm\" href=\"https:\/\/playdino.co\/pt\/go\/betfast\/\">\n\t\t\t\t\t\t<span class=\"elementor-button-content-wrapper\">\n\t\t\t\t\t\t\t\t\t<span class=\"elementor-button-text\">Betfast<\/span>\n\t\t\t\t\t<\/span>\n\t\t\t\t\t<\/a>\n\t\t\t\t<\/div>\n\t\t\t\t\t\t\t\t<\/div>\n\t\t\t\t<\/div>\n\t\t\t\t<\/div>\n\t\t\t\t<\/div>\n\t\t\t\t\t<\/div>\n\t\t\t\t<\/div>\n\t\t\t\t\t<\/div>\n\t\t<\/div>\n\t\t\t\t<div class=\"elementor-column elementor-col-50 elementor-top-column elementor-element elementor-element-2a23a9f1\" data-id=\"2a23a9f1\" data-element_type=\"column\">\n\t\t\t<div class=\"elementor-widget-wrap elementor-element-populated\">\n\t\t\t\t\t\t<div class=\"elementor-element elementor-element-b1b586a elementor-widget elementor-widget-image\" data-id=\"b1b586a\" data-element_type=\"widget\" data-widget_type=\"image.default\">\n\t\t\t\t<div class=\"elementor-widget-container\">\n\t\t\t\t\t\t\t\t\t\t\t\t\t\t\t<img decoding=\"async\" width=\"589\" height=\"530\" src=\"https:\/\/playdino.co\/wp-content\/uploads\/2024\/09\/dino-run-e1727438522730.png\" class=\"attachment-full size-full wp-image-157\" alt=\"\" srcset=\"https:\/\/playdino.co\/wp-content\/uploads\/2024\/09\/dino-run-e1727438522730.png 589w, https:\/\/playdino.co\/wp-content\/uploads\/2024\/09\/dino-run-e1727438522730-300x270.png 300w\" sizes=\"(max-width: 589px) 100vw, 589px\" \/>\t\t\t\t\t\t\t\t\t\t\t\t\t\t\t<\/div>\n\t\t\t\t<\/div>\n\t\t\t\t\t<\/div>\n\t\t<\/div>\n\t\t\t\t\t<\/div>\n\t\t<\/section>\n\t\t\t\t<section class=\"elementor-section elementor-top-section elementor-element elementor-element-70d95d2 elementor-section-boxed elementor-section-height-default elementor-section-height-default\" data-id=\"70d95d2\" data-element_type=\"section\" data-settings=\"{&quot;background_background&quot;:&quot;classic&quot;}\">\n\t\t\t\t\t\t<div class=\"elementor-container elementor-column-gap-no\">\n\t\t\t\t\t<div class=\"elementor-column elementor-col-50 elementor-top-column elementor-element elementor-element-447e1b77 elementor-hidden-tablet elementor-hidden-mobile\" data-id=\"447e1b77\" data-element_type=\"column\">\n\t\t\t<div class=\"elementor-widget-wrap elementor-element-populated\">\n\t\t\t\t\t\t<div class=\"elementor-element elementor-element-38de4877 elementor-widget elementor-widget-image\" data-id=\"38de4877\" data-element_type=\"widget\" data-widget_type=\"image.default\">\n\t\t\t\t<div class=\"elementor-widget-container\">\n\t\t\t\t\t\t\t\t\t\t\t\t\t\t\t<img decoding=\"async\" width=\"15\" height=\"11\" src=\"https:\/\/playdino.co\/wp-content\/uploads\/2024\/09\/dino-05.svg\" class=\"attachment-full size-full wp-image-140\" alt=\"\" \/>\t\t\t\t\t\t\t\t\t\t\t\t\t\t\t<\/div>\n\t\t\t\t<\/div>\n\t\t\t\t\t<\/div>\n\t\t<\/div>\n\t\t\t\t<div class=\"elementor-column elementor-col-50 elementor-top-column elementor-element elementor-element-313d1270\" data-id=\"313d1270\" data-element_type=\"column\">\n\t\t\t<div class=\"elementor-widget-wrap elementor-element-populated\">\n\t\t\t\t\t\t<div class=\"elementor-element elementor-element-fc02232 elementor-widget elementor-widget-heading\" data-id=\"fc02232\" data-element_type=\"widget\" data-widget_type=\"heading.default\">\n\t\t\t\t<div class=\"elementor-widget-container\">\n\t\t\t\t\t<h2 class=\"elementor-heading-title elementor-size-default\">Use a tela de estat\u00edsticas\n<\/h2>\t\t\t\t<\/div>\n\t\t\t\t<\/div>\n\t\t\t\t<div class=\"elementor-element elementor-element-255de9ab elementor-widget elementor-widget-text-editor\" data-id=\"255de9ab\" data-element_type=\"widget\" data-widget_type=\"text-editor.default\">\n\t\t\t\t<div class=\"elementor-widget-container\">\n\t\t\t\t\t\t\t\t\t<p class=\" translation-block\"><span style=\"font-weight: 400\">No lado direito da tela do seu jogo, voc\u00ea encontrar\u00e1 uma se\u00e7\u00e3o que mostra v\u00e1rias estat\u00edsticas. Isso pode ser \u00fatil para verificar seu hist\u00f3rico de apostas e ver como outros jogadores est\u00e3o se saindo, dando a voc\u00ea uma ideia do que pode acontecer nas pr\u00f3ximas rodadas quando voc\u00ea jogar <a href=\"https:\/\/playdino.co\/\" target=\"_self\">Play Dino<\/a>.<\/span><\/p><p><span style=\"font-weight: 400;\">Um recurso \u00fatil \u00e9 a tela de estat\u00edsticas de crash, que mostra padr\u00f5es em multiplicadores. Com o tempo, voc\u00ea pode come\u00e7ar a notar quando multiplicadores menores, m\u00e9dios ou maiores tendem a aparecer. Esse insight pode lhe dar uma vantagem e potencialmente aumentar suas chances de ganhar.<\/span><\/p><p><span style=\"font-weight: 400;\">No entanto, \u00e9 preciso alguma pr\u00e1tica para acertar. Sugerimos passar algumas horas jogando Dino com apostas baixas para pegar o jeito. Depois de um tempo, voc\u00ea pode notar que um multiplicador alto tende a aparecer a cada 4-5 horas. Alguns jogadores cronometram suas apostas contando regressivamente cerca de 120 minutos a partir do \u00faltimo multiplicador alto, aumentando o tamanho da aposta quando acham que isso vai acontecer novamente.<\/span><\/p><p><span style=\"font-weight: 400;\">Essa estrat\u00e9gia \u00e9 frequentemente usada por jogadores experientes, ent\u00e3o se voc\u00ea gosta de analisar estat\u00edsticas e padr\u00f5es, definitivamente vale a pena tentar!<\/span><\/p><p><span style=\"font-weight: 400;\">Ent\u00e3o, voc\u00ea definitivamente pode experimentar essas estrat\u00e9gias quando jogar Play Dino, mas lembre-se sempre de que a sorte \u00e9 um fator importante, ent\u00e3o jogue com responsabilidade!<\/span><\/p>\t\t\t\t\t\t\t\t<\/div>\n\t\t\t\t<\/div>\n\t\t\t\t\t<\/div>\n\t\t<\/div>\n\t\t\t\t\t<\/div>\n\t\t<\/section>\n\t\t\t\t<\/div>","protected":false},"excerpt":{"rendered":"<p>Tips &amp; Tricks &#8211; Strategies to win in Dino There are a few strategies that experienced players use to improve their chances of winning when playing Dino. However, keep in mind that none of these strategies guarantee a win, so always play Dino at your own risk. Here are some popular strategies players use: Skip [&hellip;]<\/p>","protected":false},"author":1,"featured_media":0,"parent":0,"menu_order":0,"comment_status":"closed","ping_status":"closed","template":"elementor_header_footer","meta":{"footnotes":""},"class_list":["post-218","page","type-page","status-publish","hentry"],"_links":{"self":[{"href":"https:\/\/playdino.co\/pt\/wp-json\/wp\/v2\/pages\/218","targetHints":{"allow":["GET"]}}],"collection":[{"href":"https:\/\/playdino.co\/pt\/wp-json\/wp\/v2\/pages"}],"about":[{"href":"https:\/\/playdino.co\/pt\/wp-json\/wp\/v2\/types\/page"}],"author":[{"embeddable":true,"href":"https:\/\/playdino.co\/pt\/wp-json\/wp\/v2\/users\/1"}],"replies":[{"embeddable":true,"href":"https:\/\/playdino.co\/pt\/wp-json\/wp\/v2\/comments?post=218"}],"version-history":[{"count":31,"href":"https:\/\/playdino.co\/pt\/wp-json\/wp\/v2\/pages\/218\/revisions"}],"predecessor-version":[{"id":394,"href":"https:\/\/playdino.co\/pt\/wp-json\/wp\/v2\/pages\/218\/revisions\/394"}],"wp:attachment":[{"href":"https:\/\/playdino.co\/pt\/wp-json\/wp\/v2\/media?parent=218"}],"curies":[{"name":"wp","href":"https:\/\/api.w.org\/{rel}","templated":true}]}}